{"id":8914,"date":"2024-05-30T11:37:13","date_gmt":"2024-05-30T09:37:13","guid":{"rendered":"https:\/\/camping-lac.com\/camping-hautes-alpes-pas-cher\/"},"modified":"2025-05-13T11:59:07","modified_gmt":"2025-05-13T09:59:07","slug":"camping-hautes-alpes-pas-cher","status":"publish","type":"page","link":"https:\/\/camping-lac.com\/nl\/camping-hautes-alpes-pas-cher\/","title":{"rendered":"Pas cher Hautes Alpes"},"content":{"rendered":"","protected":false},"excerpt":{"rendered":"","protected":false},"author":12,"featured_media":0,"parent":0,"menu_order":0,"comment_status":"closed","ping_status":"closed","template":"","meta":{"_acf_changed":false,"footnotes":""},"class_list":["post-8914","page","type-page","status-publish","hentry"],"acf":[],"yoast_head":"<!-- This site is optimized with the Yoast SEO plugin v25.3 - https:\/\/yoast.com\/wordpress\/plugins\/seo\/ -->\n<title>Camping pas cher Hautes Alpes : S\u00e9jour camping \u00e0 petits prix dans les Hautes Alpes<\/title>\n<meta name=\"description\" content=\"D\u00e9couvrez notre camping abordable au c\u0153ur des Hautes-Alpes. Profitez d&#039;un s\u00e9jour \u00e9conomique en pleine nature. R\u00e9servez d\u00e8s maintenant !\" \/>\n<meta name=\"robots\" content=\"index, follow, max-snippet:-1, max-image-preview:large, max-video-preview:-1\" \/>\n<link rel=\"canonical\" href=\"https:\/\/camping-lac.com\/nl\/camping-hautes-alpes-pas-cher\/\" \/>\n<meta property=\"og:locale\" content=\"nl_NL\" \/>\n<meta property=\"og:type\" content=\"article\" \/>\n<meta property=\"og:title\" content=\"Camping pas cher Hautes Alpes : S\u00e9jour camping \u00e0 petits prix dans les Hautes Alpes\" \/>\n<meta property=\"og:description\" content=\"D\u00e9couvrez notre camping abordable au c\u0153ur des Hautes-Alpes. Profitez d&#039;un s\u00e9jour \u00e9conomique en pleine nature. R\u00e9servez d\u00e8s maintenant !\" \/>\n<meta property=\"og:url\" content=\"https:\/\/camping-lac.com\/nl\/camping-hautes-alpes-pas-cher\/\" \/>\n<meta property=\"og:site_name\" content=\"Camping les Rives du Lac\" \/>\n<meta property=\"article:modified_time\" content=\"2025-05-13T09:59:07+00:00\" \/>\n<meta name=\"twitter:card\" content=\"summary_large_image\" \/>\n<script type=\"application\/ld+json\" class=\"yoast-schema-graph\">{\"@context\":\"https:\/\/schema.org\",\"@graph\":[{\"@type\":\"WebPage\",\"@id\":\"https:\/\/camping-lac.com\/nl\/camping-hautes-alpes-pas-cher\/\",\"url\":\"https:\/\/camping-lac.com\/nl\/camping-hautes-alpes-pas-cher\/\",\"name\":\"Camping pas cher Hautes Alpes : S\u00e9jour camping \u00e0 petits prix dans les Hautes Alpes\",\"isPartOf\":{\"@id\":\"https:\/\/camping-lac.com\/nl\/#website\"},\"datePublished\":\"2024-05-30T09:37:13+00:00\",\"dateModified\":\"2025-05-13T09:59:07+00:00\",\"description\":\"D\u00e9couvrez notre camping abordable au c\u0153ur des Hautes-Alpes. Profitez d'un s\u00e9jour \u00e9conomique en pleine nature. R\u00e9servez d\u00e8s maintenant !\",\"breadcrumb\":{\"@id\":\"https:\/\/camping-lac.com\/nl\/camping-hautes-alpes-pas-cher\/#breadcrumb\"},\"inLanguage\":\"nl-NL\",\"potentialAction\":[{\"@type\":\"ReadAction\",\"target\":[\"https:\/\/camping-lac.com\/nl\/camping-hautes-alpes-pas-cher\/\"]}]},{\"@type\":\"BreadcrumbList\",\"@id\":\"https:\/\/camping-lac.com\/nl\/camping-hautes-alpes-pas-cher\/#breadcrumb\",\"itemListElement\":[{\"@type\":\"ListItem\",\"position\":1,\"name\":\"Kamperen Hautes Alpes\",\"item\":\"https:\/\/camping-lac.com\/nl\/\"},{\"@type\":\"ListItem\",\"position\":2,\"name\":\"Goedkope camping Hautes Alpes\"}]},{\"@type\":\"WebSite\",\"@id\":\"https:\/\/camping-lac.com\/nl\/#website\",\"url\":\"https:\/\/camping-lac.com\/nl\/\",\"name\":\"Camping les Rives du Lac\",\"description\":\"\",\"potentialAction\":[{\"@type\":\"SearchAction\",\"target\":{\"@type\":\"EntryPoint\",\"urlTemplate\":\"https:\/\/camping-lac.com\/nl\/?s={search_term_string}\"},\"query-input\":{\"@type\":\"PropertyValueSpecification\",\"valueRequired\":true,\"valueName\":\"search_term_string\"}}],\"inLanguage\":\"nl-NL\"}]}<\/script>\n<!-- \/ Yoast SEO plugin. -->","yoast_head_json":{"title":"Camping pas cher Hautes Alpes : S\u00e9jour camping \u00e0 petits prix dans les Hautes Alpes","description":"D\u00e9couvrez notre camping abordable au c\u0153ur des Hautes-Alpes. Profitez d'un s\u00e9jour \u00e9conomique en pleine nature. R\u00e9servez d\u00e8s maintenant !","robots":{"index":"index","follow":"follow","max-snippet":"max-snippet:-1","max-image-preview":"max-image-preview:large","max-video-preview":"max-video-preview:-1"},"canonical":"https:\/\/camping-lac.com\/nl\/camping-hautes-alpes-pas-cher\/","og_locale":"nl_NL","og_type":"article","og_title":"Camping pas cher Hautes Alpes : S\u00e9jour camping \u00e0 petits prix dans les Hautes Alpes","og_description":"D\u00e9couvrez notre camping abordable au c\u0153ur des Hautes-Alpes. Profitez d'un s\u00e9jour \u00e9conomique en pleine nature. R\u00e9servez d\u00e8s maintenant !","og_url":"https:\/\/camping-lac.com\/nl\/camping-hautes-alpes-pas-cher\/","og_site_name":"Camping les Rives du Lac","article_modified_time":"2025-05-13T09:59:07+00:00","twitter_card":"summary_large_image","schema":{"@context":"https:\/\/schema.org","@graph":[{"@type":"WebPage","@id":"https:\/\/camping-lac.com\/nl\/camping-hautes-alpes-pas-cher\/","url":"https:\/\/camping-lac.com\/nl\/camping-hautes-alpes-pas-cher\/","name":"Camping pas cher Hautes Alpes : S\u00e9jour camping \u00e0 petits prix dans les Hautes Alpes","isPartOf":{"@id":"https:\/\/camping-lac.com\/nl\/#website"},"datePublished":"2024-05-30T09:37:13+00:00","dateModified":"2025-05-13T09:59:07+00:00","description":"D\u00e9couvrez notre camping abordable au c\u0153ur des Hautes-Alpes. Profitez d'un s\u00e9jour \u00e9conomique en pleine nature. R\u00e9servez d\u00e8s maintenant !","breadcrumb":{"@id":"https:\/\/camping-lac.com\/nl\/camping-hautes-alpes-pas-cher\/#breadcrumb"},"inLanguage":"nl-NL","potentialAction":[{"@type":"ReadAction","target":["https:\/\/camping-lac.com\/nl\/camping-hautes-alpes-pas-cher\/"]}]},{"@type":"BreadcrumbList","@id":"https:\/\/camping-lac.com\/nl\/camping-hautes-alpes-pas-cher\/#breadcrumb","itemListElement":[{"@type":"ListItem","position":1,"name":"Kamperen Hautes Alpes","item":"https:\/\/camping-lac.com\/nl\/"},{"@type":"ListItem","position":2,"name":"Goedkope camping Hautes Alpes"}]},{"@type":"WebSite","@id":"https:\/\/camping-lac.com\/nl\/#website","url":"https:\/\/camping-lac.com\/nl\/","name":"Camping les Rives du Lac","description":"","potentialAction":[{"@type":"SearchAction","target":{"@type":"EntryPoint","urlTemplate":"https:\/\/camping-lac.com\/nl\/?s={search_term_string}"},"query-input":{"@type":"PropertyValueSpecification","valueRequired":true,"valueName":"search_term_string"}}],"inLanguage":"nl-NL"}]}},"_links":{"self":[{"href":"https:\/\/camping-lac.com\/nl\/wp-json\/wp\/v2\/pages\/8914"}],"collection":[{"href":"https:\/\/camping-lac.com\/nl\/wp-json\/wp\/v2\/pages"}],"about":[{"href":"https:\/\/camping-lac.com\/nl\/wp-json\/wp\/v2\/types\/page"}],"author":[{"embeddable":true,"href":"https:\/\/camping-lac.com\/nl\/wp-json\/wp\/v2\/users\/12"}],"replies":[{"embeddable":true,"href":"https:\/\/camping-lac.com\/nl\/wp-json\/wp\/v2\/comments?post=8914"}],"version-history":[{"count":2,"href":"https:\/\/camping-lac.com\/nl\/wp-json\/wp\/v2\/pages\/8914\/revisions"}],"predecessor-version":[{"id":8918,"href":"https:\/\/camping-lac.com\/nl\/wp-json\/wp\/v2\/pages\/8914\/revisions\/8918"}],"wp:attachment":[{"href":"https:\/\/camping-lac.com\/nl\/wp-json\/wp\/v2\/media?parent=8914"}],"curies":[{"name":"wp","href":"https:\/\/api.w.org\/{rel}","templated":true}]}}