{"id":8905,"date":"2021-11-22T15:09:22","date_gmt":"2021-11-22T14:09:22","guid":{"rendered":"https:\/\/camping-lac.com\/onze-verhuur\/hebergement-insolite-hautes-alpes\/"},"modified":"2025-05-13T11:40:09","modified_gmt":"2025-05-13T09:40:09","slug":"bijzondere-accommodatie-hautes-alpes","status":"publish","type":"page","link":"https:\/\/camping-lac.com\/nl\/onze-verhuur\/bijzondere-accommodatie-hautes-alpes\/","title":{"rendered":"H\u00e9bergement insolite Hautes-Alpes"},"content":{"rendered":"","protected":false},"excerpt":{"rendered":"","protected":false},"author":2,"featured_media":4929,"parent":3453,"menu_order":0,"comment_status":"closed","ping_status":"closed","template":"","meta":{"_acf_changed":false,"footnotes":""},"class_list":["post-8905","page","type-page","status-publish","has-post-thumbnail","hentry"],"acf":[],"yoast_head":"<!-- This site is optimized with the Yoast SEO plugin v25.3 - https:\/\/yoast.com\/wordpress\/plugins\/seo\/ -->\n<title>H\u00e9bergement insolite Hautes Alpes : Louez un logement insolite en Hautes Alpes<\/title>\n<meta name=\"description\" content=\"R\u00e9servez un h\u00e9bergement insolite dans les Hautes-Alpes, le logement original et atypique pr\u00e8s de Gap dans les Hautes-Alpes.\" \/>\n<meta name=\"robots\" content=\"index, follow, max-snippet:-1, max-image-preview:large, max-video-preview:-1\" \/>\n<link rel=\"canonical\" href=\"https:\/\/camping-lac.com\/nl\/onze-verhuur\/bijzondere-accommodatie-hautes-alpes\/\" \/>\n<meta property=\"og:locale\" content=\"nl_NL\" \/>\n<meta property=\"og:type\" content=\"article\" \/>\n<meta property=\"og:title\" content=\"H\u00e9bergement insolite Hautes Alpes : Louez un logement insolite en Hautes Alpes\" \/>\n<meta property=\"og:description\" content=\"R\u00e9servez un h\u00e9bergement insolite dans les Hautes-Alpes, le logement original et atypique pr\u00e8s de Gap dans les Hautes-Alpes.\" \/>\n<meta property=\"og:url\" content=\"https:\/\/camping-lac.com\/nl\/onze-verhuur\/bijzondere-accommodatie-hautes-alpes\/\" \/>\n<meta property=\"og:site_name\" content=\"Camping les Rives du Lac\" \/>\n<meta property=\"article:modified_time\" content=\"2025-05-13T09:40:09+00:00\" \/>\n<meta property=\"og:image\" content=\"https:\/\/camping-lac.com\/wp-content\/uploads\/2021\/11\/hebergement-nuit-insolite-rhones-alpes.jpg\" \/>\n\t<meta property=\"og:image:width\" content=\"1280\" \/>\n\t<meta property=\"og:image:height\" content=\"573\" \/>\n\t<meta property=\"og:image:type\" content=\"image\/jpeg\" \/>\n<meta name=\"twitter:card\" content=\"summary_large_image\" \/>\n<meta name=\"twitter:label1\" content=\"Geschatte leestijd\" \/>\n\t<meta name=\"twitter:data1\" content=\"1 minuut\" \/>\n<script type=\"application\/ld+json\" class=\"yoast-schema-graph\">{\"@context\":\"https:\/\/schema.org\",\"@graph\":[{\"@type\":\"WebPage\",\"@id\":\"https:\/\/camping-lac.com\/nl\/onze-verhuur\/bijzondere-accommodatie-hautes-alpes\/\",\"url\":\"https:\/\/camping-lac.com\/nl\/onze-verhuur\/bijzondere-accommodatie-hautes-alpes\/\",\"name\":\"H\u00e9bergement insolite Hautes Alpes : Louez un logement insolite en Hautes Alpes\",\"isPartOf\":{\"@id\":\"https:\/\/camping-lac.com\/nl\/#website\"},\"primaryImageOfPage\":{\"@id\":\"https:\/\/camping-lac.com\/nl\/onze-verhuur\/bijzondere-accommodatie-hautes-alpes\/#primaryimage\"},\"image\":{\"@id\":\"https:\/\/camping-lac.com\/nl\/onze-verhuur\/bijzondere-accommodatie-hautes-alpes\/#primaryimage\"},\"thumbnailUrl\":\"https:\/\/camping-lac.com\/wp-content\/uploads\/2021\/11\/hebergement-nuit-insolite-rhones-alpes.jpg\",\"datePublished\":\"2021-11-22T14:09:22+00:00\",\"dateModified\":\"2025-05-13T09:40:09+00:00\",\"description\":\"R\u00e9servez un h\u00e9bergement insolite dans les Hautes-Alpes, le logement original et atypique pr\u00e8s de Gap dans les Hautes-Alpes.\",\"breadcrumb\":{\"@id\":\"https:\/\/camping-lac.com\/nl\/onze-verhuur\/bijzondere-accommodatie-hautes-alpes\/#breadcrumb\"},\"inLanguage\":\"nl-NL\",\"potentialAction\":[{\"@type\":\"ReadAction\",\"target\":[\"https:\/\/camping-lac.com\/nl\/onze-verhuur\/bijzondere-accommodatie-hautes-alpes\/\"]}]},{\"@type\":\"ImageObject\",\"inLanguage\":\"nl-NL\",\"@id\":\"https:\/\/camping-lac.com\/nl\/onze-verhuur\/bijzondere-accommodatie-hautes-alpes\/#primaryimage\",\"url\":\"https:\/\/camping-lac.com\/wp-content\/uploads\/2021\/11\/hebergement-nuit-insolite-rhones-alpes.jpg\",\"contentUrl\":\"https:\/\/camping-lac.com\/wp-content\/uploads\/2021\/11\/hebergement-nuit-insolite-rhones-alpes.jpg\",\"width\":1280,\"height\":573,\"caption\":\"nuit\u00e9e insolite rhones alpes\"},{\"@type\":\"BreadcrumbList\",\"@id\":\"https:\/\/camping-lac.com\/nl\/onze-verhuur\/bijzondere-accommodatie-hautes-alpes\/#breadcrumb\",\"itemListElement\":[{\"@type\":\"ListItem\",\"position\":1,\"name\":\"Kamperen Hautes Alpes\",\"item\":\"https:\/\/camping-lac.com\/nl\/\"},{\"@type\":\"ListItem\",\"position\":2,\"name\":\"Paca hosting\",\"item\":\"https:\/\/camping-lac.com\/nl\/onze-verhuur\/\"},{\"@type\":\"ListItem\",\"position\":3,\"name\":\"Bijzondere accommodatie Hautes-Alpes\"}]},{\"@type\":\"WebSite\",\"@id\":\"https:\/\/camping-lac.com\/nl\/#website\",\"url\":\"https:\/\/camping-lac.com\/nl\/\",\"name\":\"Camping les Rives du Lac\",\"description\":\"\",\"potentialAction\":[{\"@type\":\"SearchAction\",\"target\":{\"@type\":\"EntryPoint\",\"urlTemplate\":\"https:\/\/camping-lac.com\/nl\/?s={search_term_string}\"},\"query-input\":{\"@type\":\"PropertyValueSpecification\",\"valueRequired\":true,\"valueName\":\"search_term_string\"}}],\"inLanguage\":\"nl-NL\"}]}<\/script>\n<!-- \/ Yoast SEO plugin. -->","yoast_head_json":{"title":"H\u00e9bergement insolite Hautes Alpes : Louez un logement insolite en Hautes Alpes","description":"R\u00e9servez un h\u00e9bergement insolite dans les Hautes-Alpes, le logement original et atypique pr\u00e8s de Gap dans les Hautes-Alpes.","robots":{"index":"index","follow":"follow","max-snippet":"max-snippet:-1","max-image-preview":"max-image-preview:large","max-video-preview":"max-video-preview:-1"},"canonical":"https:\/\/camping-lac.com\/nl\/onze-verhuur\/bijzondere-accommodatie-hautes-alpes\/","og_locale":"nl_NL","og_type":"article","og_title":"H\u00e9bergement insolite Hautes Alpes : Louez un logement insolite en Hautes Alpes","og_description":"R\u00e9servez un h\u00e9bergement insolite dans les Hautes-Alpes, le logement original et atypique pr\u00e8s de Gap dans les Hautes-Alpes.","og_url":"https:\/\/camping-lac.com\/nl\/onze-verhuur\/bijzondere-accommodatie-hautes-alpes\/","og_site_name":"Camping les Rives du Lac","article_modified_time":"2025-05-13T09:40:09+00:00","og_image":[{"width":1280,"height":573,"url":"https:\/\/camping-lac.com\/wp-content\/uploads\/2021\/11\/hebergement-nuit-insolite-rhones-alpes.jpg","type":"image\/jpeg"}],"twitter_card":"summary_large_image","twitter_misc":{"Geschatte leestijd":"1 minuut"},"schema":{"@context":"https:\/\/schema.org","@graph":[{"@type":"WebPage","@id":"https:\/\/camping-lac.com\/nl\/onze-verhuur\/bijzondere-accommodatie-hautes-alpes\/","url":"https:\/\/camping-lac.com\/nl\/onze-verhuur\/bijzondere-accommodatie-hautes-alpes\/","name":"H\u00e9bergement insolite Hautes Alpes : Louez un logement insolite en Hautes Alpes","isPartOf":{"@id":"https:\/\/camping-lac.com\/nl\/#website"},"primaryImageOfPage":{"@id":"https:\/\/camping-lac.com\/nl\/onze-verhuur\/bijzondere-accommodatie-hautes-alpes\/#primaryimage"},"image":{"@id":"https:\/\/camping-lac.com\/nl\/onze-verhuur\/bijzondere-accommodatie-hautes-alpes\/#primaryimage"},"thumbnailUrl":"https:\/\/camping-lac.com\/wp-content\/uploads\/2021\/11\/hebergement-nuit-insolite-rhones-alpes.jpg","datePublished":"2021-11-22T14:09:22+00:00","dateModified":"2025-05-13T09:40:09+00:00","description":"R\u00e9servez un h\u00e9bergement insolite dans les Hautes-Alpes, le logement original et atypique pr\u00e8s de Gap dans les Hautes-Alpes.","breadcrumb":{"@id":"https:\/\/camping-lac.com\/nl\/onze-verhuur\/bijzondere-accommodatie-hautes-alpes\/#breadcrumb"},"inLanguage":"nl-NL","potentialAction":[{"@type":"ReadAction","target":["https:\/\/camping-lac.com\/nl\/onze-verhuur\/bijzondere-accommodatie-hautes-alpes\/"]}]},{"@type":"ImageObject","inLanguage":"nl-NL","@id":"https:\/\/camping-lac.com\/nl\/onze-verhuur\/bijzondere-accommodatie-hautes-alpes\/#primaryimage","url":"https:\/\/camping-lac.com\/wp-content\/uploads\/2021\/11\/hebergement-nuit-insolite-rhones-alpes.jpg","contentUrl":"https:\/\/camping-lac.com\/wp-content\/uploads\/2021\/11\/hebergement-nuit-insolite-rhones-alpes.jpg","width":1280,"height":573,"caption":"nuit\u00e9e insolite rhones alpes"},{"@type":"BreadcrumbList","@id":"https:\/\/camping-lac.com\/nl\/onze-verhuur\/bijzondere-accommodatie-hautes-alpes\/#breadcrumb","itemListElement":[{"@type":"ListItem","position":1,"name":"Kamperen Hautes Alpes","item":"https:\/\/camping-lac.com\/nl\/"},{"@type":"ListItem","position":2,"name":"Paca hosting","item":"https:\/\/camping-lac.com\/nl\/onze-verhuur\/"},{"@type":"ListItem","position":3,"name":"Bijzondere accommodatie Hautes-Alpes"}]},{"@type":"WebSite","@id":"https:\/\/camping-lac.com\/nl\/#website","url":"https:\/\/camping-lac.com\/nl\/","name":"Camping les Rives du Lac","description":"","potentialAction":[{"@type":"SearchAction","target":{"@type":"EntryPoint","urlTemplate":"https:\/\/camping-lac.com\/nl\/?s={search_term_string}"},"query-input":{"@type":"PropertyValueSpecification","valueRequired":true,"valueName":"search_term_string"}}],"inLanguage":"nl-NL"}]}},"_links":{"self":[{"href":"https:\/\/camping-lac.com\/nl\/wp-json\/wp\/v2\/pages\/8905"}],"collection":[{"href":"https:\/\/camping-lac.com\/nl\/wp-json\/wp\/v2\/pages"}],"about":[{"href":"https:\/\/camping-lac.com\/nl\/wp-json\/wp\/v2\/types\/page"}],"author":[{"embeddable":true,"href":"https:\/\/camping-lac.com\/nl\/wp-json\/wp\/v2\/users\/2"}],"replies":[{"embeddable":true,"href":"https:\/\/camping-lac.com\/nl\/wp-json\/wp\/v2\/comments?post=8905"}],"version-history":[{"count":1,"href":"https:\/\/camping-lac.com\/nl\/wp-json\/wp\/v2\/pages\/8905\/revisions"}],"predecessor-version":[{"id":8911,"href":"https:\/\/camping-lac.com\/nl\/wp-json\/wp\/v2\/pages\/8905\/revisions\/8911"}],"up":[{"embeddable":true,"href":"https:\/\/camping-lac.com\/nl\/wp-json\/wp\/v2\/pages\/3453"}],"wp:featuredmedia":[{"embeddable":true,"href":"https:\/\/camping-lac.com\/nl\/wp-json\/wp\/v2\/media\/4929"}],"wp:attachment":[{"href":"https:\/\/camping-lac.com\/nl\/wp-json\/wp\/v2\/media?parent=8905"}],"curies":[{"name":"wp","href":"https:\/\/api.w.org\/{rel}","templated":true}]}}