{"id":5583,"date":"2022-01-06T17:55:09","date_gmt":"2022-01-06T16:55:09","guid":{"rendered":"https:\/\/camping-lac.com\/de-ladrenaline\/"},"modified":"2024-07-24T11:46:55","modified_gmt":"2024-07-24T09:46:55","slug":"de-ladrenaline","status":"publish","type":"page","link":"https:\/\/camping-lac.com\/de\/de-ladrenaline\/","title":{"rendered":"De l\u2019adr\u00e9naline"},"content":{"rendered":"","protected":false},"excerpt":{"rendered":"","protected":false},"author":2,"featured_media":4497,"parent":0,"menu_order":0,"comment_status":"closed","ping_status":"closed","template":"","meta":{"_acf_changed":false,"footnotes":""},"class_list":["post-5583","page","type-page","status-publish","has-post-thumbnail","hentry"],"acf":[],"yoast_head":"<!-- This site is optimized with the Yoast SEO plugin v25.3 - https:\/\/yoast.com\/wordpress\/plugins\/seo\/ -->\n<title>Activit\u00e9s \u00e0 sensations en PACA : Adr\u00e9naline depuis notre camping (05)<\/title>\n<meta name=\"robots\" content=\"index, follow, max-snippet:-1, max-image-preview:large, max-video-preview:-1\" \/>\n<link rel=\"canonical\" href=\"https:\/\/camping-lac.com\/de\/de-ladrenaline\/\" \/>\n<meta property=\"og:locale\" content=\"de_DE\" \/>\n<meta property=\"og:type\" content=\"article\" \/>\n<meta property=\"og:title\" content=\"Activit\u00e9s \u00e0 sensations en PACA : Adr\u00e9naline depuis notre camping (05)\" \/>\n<meta property=\"og:url\" content=\"https:\/\/camping-lac.com\/de\/de-ladrenaline\/\" \/>\n<meta property=\"og:site_name\" content=\"Campingplatz les Rives du Lac\" \/>\n<meta property=\"article:modified_time\" content=\"2024-07-24T09:46:55+00:00\" \/>\n<meta property=\"og:image\" content=\"https:\/\/camping-lac.com\/wp-content\/uploads\/2020\/01\/activites-adrenaline-hautes-alpes.jpg\" \/>\n\t<meta property=\"og:image:width\" content=\"1600\" \/>\n\t<meta property=\"og:image:height\" content=\"400\" \/>\n\t<meta property=\"og:image:type\" content=\"image\/jpeg\" \/>\n<meta name=\"twitter:card\" content=\"summary_large_image\" \/>\n<meta name=\"twitter:label1\" content=\"Gesch\u00e4tzte Lesezeit\" \/>\n\t<meta name=\"twitter:data1\" content=\"1\u00a0Minute\" \/>\n<script type=\"application\/ld+json\" class=\"yoast-schema-graph\">{\"@context\":\"https:\/\/schema.org\",\"@graph\":[{\"@type\":\"WebPage\",\"@id\":\"https:\/\/camping-lac.com\/de\/de-ladrenaline\/\",\"url\":\"https:\/\/camping-lac.com\/de\/de-ladrenaline\/\",\"name\":\"Activit\u00e9s \u00e0 sensations en PACA : Adr\u00e9naline depuis notre camping (05)\",\"isPartOf\":{\"@id\":\"https:\/\/camping-lac.com\/de\/#website\"},\"primaryImageOfPage\":{\"@id\":\"https:\/\/camping-lac.com\/de\/de-ladrenaline\/#primaryimage\"},\"image\":{\"@id\":\"https:\/\/camping-lac.com\/de\/de-ladrenaline\/#primaryimage\"},\"thumbnailUrl\":\"https:\/\/camping-lac.com\/wp-content\/uploads\/2020\/01\/activites-adrenaline-hautes-alpes.jpg\",\"datePublished\":\"2022-01-06T16:55:09+00:00\",\"dateModified\":\"2024-07-24T09:46:55+00:00\",\"breadcrumb\":{\"@id\":\"https:\/\/camping-lac.com\/de\/de-ladrenaline\/#breadcrumb\"},\"inLanguage\":\"de\",\"potentialAction\":[{\"@type\":\"ReadAction\",\"target\":[\"https:\/\/camping-lac.com\/de\/de-ladrenaline\/\"]}]},{\"@type\":\"ImageObject\",\"inLanguage\":\"de\",\"@id\":\"https:\/\/camping-lac.com\/de\/de-ladrenaline\/#primaryimage\",\"url\":\"https:\/\/camping-lac.com\/wp-content\/uploads\/2020\/01\/activites-adrenaline-hautes-alpes.jpg\",\"contentUrl\":\"https:\/\/camping-lac.com\/wp-content\/uploads\/2020\/01\/activites-adrenaline-hautes-alpes.jpg\",\"width\":1600,\"height\":400,\"caption\":\"activites adrenaline hautes-alpes\"},{\"@type\":\"BreadcrumbList\",\"@id\":\"https:\/\/camping-lac.com\/de\/de-ladrenaline\/#breadcrumb\",\"itemListElement\":[{\"@type\":\"ListItem\",\"position\":1,\"name\":\"Camping Frankreich Alpen\",\"item\":\"https:\/\/camping-lac.com\/de\/\"},{\"@type\":\"ListItem\",\"position\":2,\"name\":\"Activit\u00e9s adr\u00e9naline PACA\"}]},{\"@type\":\"WebSite\",\"@id\":\"https:\/\/camping-lac.com\/de\/#website\",\"url\":\"https:\/\/camping-lac.com\/de\/\",\"name\":\"Campingplatz les Rives du Lac\",\"description\":\"\",\"potentialAction\":[{\"@type\":\"SearchAction\",\"target\":{\"@type\":\"EntryPoint\",\"urlTemplate\":\"https:\/\/camping-lac.com\/de\/?s={search_term_string}\"},\"query-input\":{\"@type\":\"PropertyValueSpecification\",\"valueRequired\":true,\"valueName\":\"search_term_string\"}}],\"inLanguage\":\"de\"}]}<\/script>\n<!-- \/ Yoast SEO plugin. -->","yoast_head_json":{"title":"Activit\u00e9s \u00e0 sensations en PACA : Adr\u00e9naline depuis notre camping (05)","robots":{"index":"index","follow":"follow","max-snippet":"max-snippet:-1","max-image-preview":"max-image-preview:large","max-video-preview":"max-video-preview:-1"},"canonical":"https:\/\/camping-lac.com\/de\/de-ladrenaline\/","og_locale":"de_DE","og_type":"article","og_title":"Activit\u00e9s \u00e0 sensations en PACA : Adr\u00e9naline depuis notre camping (05)","og_url":"https:\/\/camping-lac.com\/de\/de-ladrenaline\/","og_site_name":"Campingplatz les Rives du Lac","article_modified_time":"2024-07-24T09:46:55+00:00","og_image":[{"width":1600,"height":400,"url":"https:\/\/camping-lac.com\/wp-content\/uploads\/2020\/01\/activites-adrenaline-hautes-alpes.jpg","type":"image\/jpeg"}],"twitter_card":"summary_large_image","twitter_misc":{"Gesch\u00e4tzte Lesezeit":"1\u00a0Minute"},"schema":{"@context":"https:\/\/schema.org","@graph":[{"@type":"WebPage","@id":"https:\/\/camping-lac.com\/de\/de-ladrenaline\/","url":"https:\/\/camping-lac.com\/de\/de-ladrenaline\/","name":"Activit\u00e9s \u00e0 sensations en PACA : Adr\u00e9naline depuis notre camping (05)","isPartOf":{"@id":"https:\/\/camping-lac.com\/de\/#website"},"primaryImageOfPage":{"@id":"https:\/\/camping-lac.com\/de\/de-ladrenaline\/#primaryimage"},"image":{"@id":"https:\/\/camping-lac.com\/de\/de-ladrenaline\/#primaryimage"},"thumbnailUrl":"https:\/\/camping-lac.com\/wp-content\/uploads\/2020\/01\/activites-adrenaline-hautes-alpes.jpg","datePublished":"2022-01-06T16:55:09+00:00","dateModified":"2024-07-24T09:46:55+00:00","breadcrumb":{"@id":"https:\/\/camping-lac.com\/de\/de-ladrenaline\/#breadcrumb"},"inLanguage":"de","potentialAction":[{"@type":"ReadAction","target":["https:\/\/camping-lac.com\/de\/de-ladrenaline\/"]}]},{"@type":"ImageObject","inLanguage":"de","@id":"https:\/\/camping-lac.com\/de\/de-ladrenaline\/#primaryimage","url":"https:\/\/camping-lac.com\/wp-content\/uploads\/2020\/01\/activites-adrenaline-hautes-alpes.jpg","contentUrl":"https:\/\/camping-lac.com\/wp-content\/uploads\/2020\/01\/activites-adrenaline-hautes-alpes.jpg","width":1600,"height":400,"caption":"activites adrenaline hautes-alpes"},{"@type":"BreadcrumbList","@id":"https:\/\/camping-lac.com\/de\/de-ladrenaline\/#breadcrumb","itemListElement":[{"@type":"ListItem","position":1,"name":"Camping Frankreich Alpen","item":"https:\/\/camping-lac.com\/de\/"},{"@type":"ListItem","position":2,"name":"Activit\u00e9s adr\u00e9naline PACA"}]},{"@type":"WebSite","@id":"https:\/\/camping-lac.com\/de\/#website","url":"https:\/\/camping-lac.com\/de\/","name":"Campingplatz les Rives du Lac","description":"","potentialAction":[{"@type":"SearchAction","target":{"@type":"EntryPoint","urlTemplate":"https:\/\/camping-lac.com\/de\/?s={search_term_string}"},"query-input":{"@type":"PropertyValueSpecification","valueRequired":true,"valueName":"search_term_string"}}],"inLanguage":"de"}]}},"_links":{"self":[{"href":"https:\/\/camping-lac.com\/de\/wp-json\/wp\/v2\/pages\/5583"}],"collection":[{"href":"https:\/\/camping-lac.com\/de\/wp-json\/wp\/v2\/pages"}],"about":[{"href":"https:\/\/camping-lac.com\/de\/wp-json\/wp\/v2\/types\/page"}],"author":[{"embeddable":true,"href":"https:\/\/camping-lac.com\/de\/wp-json\/wp\/v2\/users\/2"}],"replies":[{"embeddable":true,"href":"https:\/\/camping-lac.com\/de\/wp-json\/wp\/v2\/comments?post=5583"}],"version-history":[{"count":3,"href":"https:\/\/camping-lac.com\/de\/wp-json\/wp\/v2\/pages\/5583\/revisions"}],"predecessor-version":[{"id":7837,"href":"https:\/\/camping-lac.com\/de\/wp-json\/wp\/v2\/pages\/5583\/revisions\/7837"}],"wp:featuredmedia":[{"embeddable":true,"href":"https:\/\/camping-lac.com\/de\/wp-json\/wp\/v2\/media\/4497"}],"wp:attachment":[{"href":"https:\/\/camping-lac.com\/de\/wp-json\/wp\/v2\/media?parent=5583"}],"curies":[{"name":"wp","href":"https:\/\/api.w.org\/{rel}","templated":true}]}}